{"id":17963,"date":"2022-12-17T19:21:19","date_gmt":"2022-12-17T18:21:19","guid":{"rendered":"https:\/\/roxils.com\/boutique\/silicone-s\/"},"modified":"2024-10-17T17:08:19","modified_gmt":"2024-10-17T16:08:19","slug":"silicone-s","status":"publish","type":"product","link":"https:\/\/roxils.com\/en\/boutique\/silicone-s\/","title":{"rendered":"Silicone S"},"content":{"rendered":"<p>Our pads have been specially designed to facilitate application, ultra flexible it adapts perfectly to the eyelid.<br \/>\nIt is important to clean the pads after each use in order to keep them as long as possible.<br \/>\nAvailable in several sizes (S, M, L) to adapt to the length of each client&#8217;s eyelashes.<\/p>\n<p>Entretien:<br \/>\nNettoyer vos pads d\u00e9licatement avec de l&#8217;eau ti\u00e8de savonneuse, ensuite d\u00e9sinfecter.<\/p>\n","protected":false},"excerpt":{"rendered":"<p>Eyelash Lift Pads<br \/>\nBox of 5 pairs<br \/>\nSize S<br \/>\nUltra soft &#8211; transparent<\/p>\n","protected":false},"featured_media":10803,"comment_status":"closed","ping_status":"closed","template":"","meta":{"_acf_changed":false},"product_brand":[],"product_cat":[197],"product_tag":[],"class_list":{"0":"post-17963","1":"product","2":"type-product","3":"status-publish","4":"has-post-thumbnail","6":"product_cat-accessories-lashlift-browlift","8":"first","9":"instock","10":"taxable","11":"shipping-taxable","12":"purchasable","13":"product-type-simple"},"acf":[],"yoast_head":"<!-- This site is optimized with the Yoast SEO plugin v27.3 - https:\/\/yoast.com\/product\/yoast-seo-wordpress\/ -->\n<title>Silicone S - Roxils - Eyelash Extensions &amp; Beauty Training<\/title>\n<meta name=\"description\" content=\"Silicone S%sep%% Discover Roxils, your Belgian brand dedicated to eyelash extension. FREE SHIPPING: BENELUX from 75\u20ac Ex VAT | FRANCE from 100\u20ac\" \/>\n<meta name=\"robots\" content=\"index, follow, max-snippet:-1, max-image-preview:large, max-video-preview:-1\" \/>\n<link rel=\"canonical\" href=\"https:\/\/roxils.com\/en\/boutique\/silicone-s\/\" \/>\n<meta property=\"og:locale\" content=\"en_US\" \/>\n<meta property=\"og:type\" content=\"article\" \/>\n<meta property=\"og:title\" content=\"Silicone S - Roxils - Eyelash Extensions &amp; Beauty Training\" \/>\n<meta property=\"og:description\" content=\"Silicone S%sep%% Discover Roxils, your Belgian brand dedicated to eyelash extension. FREE SHIPPING: BENELUX from 75\u20ac Ex VAT | FRANCE from 100\u20ac\" \/>\n<meta property=\"og:url\" content=\"https:\/\/roxils.com\/en\/boutique\/silicone-s\/\" \/>\n<meta property=\"og:site_name\" content=\"Roxils\" \/>\n<meta property=\"article:publisher\" content=\"https:\/\/www.facebook.com\/roxilsprolash\" \/>\n<meta property=\"article:modified_time\" content=\"2024-10-17T16:08:19+00:00\" \/>\n<meta property=\"og:image\" content=\"https:\/\/roxils.com\/wp-content\/uploads\/2022\/12\/silicone-s-1.jpg\" \/>\n\t<meta property=\"og:image:width\" content=\"800\" \/>\n\t<meta property=\"og:image:height\" content=\"800\" \/>\n\t<meta property=\"og:image:type\" content=\"image\/jpeg\" \/>\n<meta name=\"twitter:card\" content=\"summary_large_image\" \/>\n<script type=\"application\/ld+json\" class=\"yoast-schema-graph\">{\"@context\":\"https:\\\/\\\/schema.org\",\"@graph\":[{\"@type\":\"WebPage\",\"@id\":\"https:\\\/\\\/roxils.com\\\/en\\\/boutique\\\/silicone-s\\\/\",\"url\":\"https:\\\/\\\/roxils.com\\\/en\\\/boutique\\\/silicone-s\\\/\",\"name\":\"Silicone S - Roxils - Eyelash Extensions & Beauty Training\",\"isPartOf\":{\"@id\":\"https:\\\/\\\/roxils.com\\\/en\\\/#website\"},\"primaryImageOfPage\":{\"@id\":\"https:\\\/\\\/roxils.com\\\/en\\\/boutique\\\/silicone-s\\\/#primaryimage\"},\"image\":{\"@id\":\"https:\\\/\\\/roxils.com\\\/en\\\/boutique\\\/silicone-s\\\/#primaryimage\"},\"thumbnailUrl\":\"https:\\\/\\\/roxils.com\\\/wp-content\\\/uploads\\\/2022\\\/12\\\/silicone-s-1.jpg\",\"datePublished\":\"2022-12-17T18:21:19+00:00\",\"dateModified\":\"2024-10-17T16:08:19+00:00\",\"description\":\"Silicone S%sep%% Discover Roxils, your Belgian brand dedicated to eyelash extension. FREE SHIPPING: BENELUX from 75\u20ac Ex VAT | FRANCE from 100\u20ac\",\"breadcrumb\":{\"@id\":\"https:\\\/\\\/roxils.com\\\/en\\\/boutique\\\/silicone-s\\\/#breadcrumb\"},\"inLanguage\":\"en-US\",\"potentialAction\":[{\"@type\":\"ReadAction\",\"target\":[\"https:\\\/\\\/roxils.com\\\/en\\\/boutique\\\/silicone-s\\\/\"]}]},{\"@type\":\"ImageObject\",\"inLanguage\":\"en-US\",\"@id\":\"https:\\\/\\\/roxils.com\\\/en\\\/boutique\\\/silicone-s\\\/#primaryimage\",\"url\":\"https:\\\/\\\/roxils.com\\\/wp-content\\\/uploads\\\/2022\\\/12\\\/silicone-s-1.jpg\",\"contentUrl\":\"https:\\\/\\\/roxils.com\\\/wp-content\\\/uploads\\\/2022\\\/12\\\/silicone-s-1.jpg\",\"width\":800,\"height\":800},{\"@type\":\"BreadcrumbList\",\"@id\":\"https:\\\/\\\/roxils.com\\\/en\\\/boutique\\\/silicone-s\\\/#breadcrumb\",\"itemListElement\":[{\"@type\":\"ListItem\",\"position\":1,\"name\":\"Home\",\"item\":\"https:\\\/\\\/roxils.com\\\/en\\\/\"},{\"@type\":\"ListItem\",\"position\":2,\"name\":\"Store\",\"item\":\"https:\\\/\\\/roxils.com\\\/en\\\/store\\\/\"},{\"@type\":\"ListItem\",\"position\":3,\"name\":\"Silicone S\"}]},{\"@type\":\"WebSite\",\"@id\":\"https:\\\/\\\/roxils.com\\\/en\\\/#website\",\"url\":\"https:\\\/\\\/roxils.com\\\/en\\\/\",\"name\":\"Roxils\",\"description\":\"A Belgian brand of eyelash extension\",\"publisher\":{\"@id\":\"https:\\\/\\\/roxils.com\\\/en\\\/#organization\"},\"potentialAction\":[{\"@type\":\"SearchAction\",\"target\":{\"@type\":\"EntryPoint\",\"urlTemplate\":\"https:\\\/\\\/roxils.com\\\/en\\\/?s={search_term_string}\"},\"query-input\":{\"@type\":\"PropertyValueSpecification\",\"valueRequired\":true,\"valueName\":\"search_term_string\"}}],\"inLanguage\":\"en-US\"},{\"@type\":\"Organization\",\"@id\":\"https:\\\/\\\/roxils.com\\\/en\\\/#organization\",\"name\":\"Roxils\",\"url\":\"https:\\\/\\\/roxils.com\\\/en\\\/\",\"logo\":{\"@type\":\"ImageObject\",\"inLanguage\":\"en-US\",\"@id\":\"https:\\\/\\\/roxils.com\\\/en\\\/#\\\/schema\\\/logo\\\/image\\\/\",\"url\":\"https:\\\/\\\/roxils.com\\\/wp-content\\\/uploads\\\/2024\\\/01\\\/logo-roxils.png\",\"contentUrl\":\"https:\\\/\\\/roxils.com\\\/wp-content\\\/uploads\\\/2024\\\/01\\\/logo-roxils.png\",\"width\":555,\"height\":555,\"caption\":\"Roxils\"},\"image\":{\"@id\":\"https:\\\/\\\/roxils.com\\\/en\\\/#\\\/schema\\\/logo\\\/image\\\/\"},\"sameAs\":[\"https:\\\/\\\/www.facebook.com\\\/roxilsprolash\",\"https:\\\/\\\/www.instagram.com\\\/roxilspro\\\/\"]}]}<\/script>\n<!-- \/ Yoast SEO plugin. -->","yoast_head_json":{"title":"Silicone S - Roxils - Eyelash Extensions & Beauty Training","description":"Silicone S%sep%% Discover Roxils, your Belgian brand dedicated to eyelash extension. FREE SHIPPING: BENELUX from 75\u20ac Ex VAT | FRANCE from 100\u20ac","robots":{"index":"index","follow":"follow","max-snippet":"max-snippet:-1","max-image-preview":"max-image-preview:large","max-video-preview":"max-video-preview:-1"},"canonical":"https:\/\/roxils.com\/en\/boutique\/silicone-s\/","og_locale":"en_US","og_type":"article","og_title":"Silicone S - Roxils - Eyelash Extensions & Beauty Training","og_description":"Silicone S%sep%% Discover Roxils, your Belgian brand dedicated to eyelash extension. FREE SHIPPING: BENELUX from 75\u20ac Ex VAT | FRANCE from 100\u20ac","og_url":"https:\/\/roxils.com\/en\/boutique\/silicone-s\/","og_site_name":"Roxils","article_publisher":"https:\/\/www.facebook.com\/roxilsprolash","article_modified_time":"2024-10-17T16:08:19+00:00","og_image":[{"width":800,"height":800,"url":"https:\/\/roxils.com\/wp-content\/uploads\/2022\/12\/silicone-s-1.jpg","type":"image\/jpeg"}],"twitter_card":"summary_large_image","schema":{"@context":"https:\/\/schema.org","@graph":[{"@type":"WebPage","@id":"https:\/\/roxils.com\/en\/boutique\/silicone-s\/","url":"https:\/\/roxils.com\/en\/boutique\/silicone-s\/","name":"Silicone S - Roxils - Eyelash Extensions & Beauty Training","isPartOf":{"@id":"https:\/\/roxils.com\/en\/#website"},"primaryImageOfPage":{"@id":"https:\/\/roxils.com\/en\/boutique\/silicone-s\/#primaryimage"},"image":{"@id":"https:\/\/roxils.com\/en\/boutique\/silicone-s\/#primaryimage"},"thumbnailUrl":"https:\/\/roxils.com\/wp-content\/uploads\/2022\/12\/silicone-s-1.jpg","datePublished":"2022-12-17T18:21:19+00:00","dateModified":"2024-10-17T16:08:19+00:00","description":"Silicone S%sep%% Discover Roxils, your Belgian brand dedicated to eyelash extension. FREE SHIPPING: BENELUX from 75\u20ac Ex VAT | FRANCE from 100\u20ac","breadcrumb":{"@id":"https:\/\/roxils.com\/en\/boutique\/silicone-s\/#breadcrumb"},"inLanguage":"en-US","potentialAction":[{"@type":"ReadAction","target":["https:\/\/roxils.com\/en\/boutique\/silicone-s\/"]}]},{"@type":"ImageObject","inLanguage":"en-US","@id":"https:\/\/roxils.com\/en\/boutique\/silicone-s\/#primaryimage","url":"https:\/\/roxils.com\/wp-content\/uploads\/2022\/12\/silicone-s-1.jpg","contentUrl":"https:\/\/roxils.com\/wp-content\/uploads\/2022\/12\/silicone-s-1.jpg","width":800,"height":800},{"@type":"BreadcrumbList","@id":"https:\/\/roxils.com\/en\/boutique\/silicone-s\/#breadcrumb","itemListElement":[{"@type":"ListItem","position":1,"name":"Home","item":"https:\/\/roxils.com\/en\/"},{"@type":"ListItem","position":2,"name":"Store","item":"https:\/\/roxils.com\/en\/store\/"},{"@type":"ListItem","position":3,"name":"Silicone S"}]},{"@type":"WebSite","@id":"https:\/\/roxils.com\/en\/#website","url":"https:\/\/roxils.com\/en\/","name":"Roxils","description":"A Belgian brand of eyelash extension","publisher":{"@id":"https:\/\/roxils.com\/en\/#organization"},"potentialAction":[{"@type":"SearchAction","target":{"@type":"EntryPoint","urlTemplate":"https:\/\/roxils.com\/en\/?s={search_term_string}"},"query-input":{"@type":"PropertyValueSpecification","valueRequired":true,"valueName":"search_term_string"}}],"inLanguage":"en-US"},{"@type":"Organization","@id":"https:\/\/roxils.com\/en\/#organization","name":"Roxils","url":"https:\/\/roxils.com\/en\/","logo":{"@type":"ImageObject","inLanguage":"en-US","@id":"https:\/\/roxils.com\/en\/#\/schema\/logo\/image\/","url":"https:\/\/roxils.com\/wp-content\/uploads\/2024\/01\/logo-roxils.png","contentUrl":"https:\/\/roxils.com\/wp-content\/uploads\/2024\/01\/logo-roxils.png","width":555,"height":555,"caption":"Roxils"},"image":{"@id":"https:\/\/roxils.com\/en\/#\/schema\/logo\/image\/"},"sameAs":["https:\/\/www.facebook.com\/roxilsprolash","https:\/\/www.instagram.com\/roxilspro\/"]}]}},"_links":{"self":[{"href":"https:\/\/roxils.com\/en\/wp-json\/wp\/v2\/product\/17963","targetHints":{"allow":["GET"]}}],"collection":[{"href":"https:\/\/roxils.com\/en\/wp-json\/wp\/v2\/product"}],"about":[{"href":"https:\/\/roxils.com\/en\/wp-json\/wp\/v2\/types\/product"}],"replies":[{"embeddable":true,"href":"https:\/\/roxils.com\/en\/wp-json\/wp\/v2\/comments?post=17963"}],"wp:featuredmedia":[{"embeddable":true,"href":"https:\/\/roxils.com\/en\/wp-json\/wp\/v2\/media\/10803"}],"wp:attachment":[{"href":"https:\/\/roxils.com\/en\/wp-json\/wp\/v2\/media?parent=17963"}],"wp:term":[{"taxonomy":"product_brand","embeddable":true,"href":"https:\/\/roxils.com\/en\/wp-json\/wp\/v2\/product_brand?post=17963"},{"taxonomy":"product_cat","embeddable":true,"href":"https:\/\/roxils.com\/en\/wp-json\/wp\/v2\/product_cat?post=17963"},{"taxonomy":"product_tag","embeddable":true,"href":"https:\/\/roxils.com\/en\/wp-json\/wp\/v2\/product_tag?post=17963"}],"curies":[{"name":"wp","href":"https:\/\/api.w.org\/{rel}","templated":true}]}}