{"id":17979,"date":"2023-02-03T14:45:27","date_gmt":"2023-02-03T13:45:27","guid":{"rendered":"https:\/\/roxils.com\/boutique\/kwadron-optima-1rl-lt-0-30\/"},"modified":"2024-10-17T16:16:56","modified_gmt":"2024-10-17T15:16:56","slug":"kwadron-optima-1rl-lt-0-30","status":"publish","type":"product","link":"https:\/\/roxils.com\/en\/boutique\/kwadron-optima-1rl-lt-0-30\/","title":{"rendered":"Kwadron optima 1RL-LT 0.30"},"content":{"rendered":"<pre id=\"tw-target-text\" class=\"tw-data-text tw-text-large tw-ta\" dir=\"ltr\" data-placeholder=\"Traduction\"><span class=\"Y2IQFc\" lang=\"fr\">En tant que leader dans l'industrie du tatouage avec de nombreuses ann\u00e9es d'exp\u00e9rience dans la cr\u00e9ation et la production de cartouches de la plus haute qualit\u00e9, Kwadron a cr\u00e9\u00e9 un produit d\u00e9di\u00e9 au maquillage permanent - les cartouches Kwadron PMU Optima.\nCette nouvelle gamme de cartouches est dot\u00e9e d'un syst\u00e8me unique d'aiguilles stabilisatrices ultra-pointues, qui assure leur durabilit\u00e9 et leur r\u00e9sistant Le bo\u00eetier de la cartouche est fabriqu\u00e9 en plastique de qualit\u00e9 m\u00e9dicale de haute qualit\u00e9, ce qui r\u00e9duit la friction entre l'aiguille et le bo\u00eetier et assure une culture de travail \u00e9lev\u00e9e. \nLe syst\u00e8me d'aiguille int\u00e9gr\u00e9 avec la pointe de pr\u00e9cision garantit les plus hauts standards de s\u00e9curit\u00e9 et d'hygi\u00e8ne. \nChaque cartouche Kwadron PMU Optima est conditionn\u00e9e dans un emballage st\u00e9rile jetable.<\/span><\/pre>\n","protected":false},"excerpt":{"rendered":"<p>KWADRON OPTIMA NEEDLES<\/p>\n<ul>\n<li>90x more resistant surgical steel<\/li>\n<li>High writing power<\/li>\n<li>Ergonomics<\/li>\n<\/ul>\n<p>20pcs<\/p>\n","protected":false},"featured_media":16674,"comment_status":"closed","ping_status":"closed","template":"","meta":{"_acf_changed":false},"product_brand":[],"product_cat":[203,201],"product_tag":[],"class_list":{"0":"post-17979","1":"product","2":"type-product","3":"status-publish","4":"has-post-thumbnail","6":"product_cat-needles-pmu-en","7":"product_cat-pmu-en","9":"first","10":"outofstock","11":"taxable","12":"shipping-taxable","13":"purchasable","14":"product-type-simple"},"acf":[],"yoast_head":"<!-- This site is optimized with the Yoast SEO plugin v27.3 - https:\/\/yoast.com\/product\/yoast-seo-wordpress\/ -->\n<title>Kwadron optima 1RL-LT 0.30 - Roxils - Eyelash Extensions &amp; Beauty Training<\/title>\n<meta name=\"description\" content=\"LATEST GENERATION OF needles for permanent make-up. 90x more resistant\" \/>\n<meta name=\"robots\" content=\"index, follow, max-snippet:-1, max-image-preview:large, max-video-preview:-1\" \/>\n<link rel=\"canonical\" href=\"https:\/\/roxils.com\/en\/boutique\/kwadron-optima-1rl-lt-0-30\/\" \/>\n<meta property=\"og:locale\" content=\"en_US\" \/>\n<meta property=\"og:type\" content=\"article\" \/>\n<meta property=\"og:title\" content=\"Kwadron optima 1RL-LT 0.30 - Roxils - Eyelash Extensions &amp; Beauty Training\" \/>\n<meta property=\"og:description\" content=\"LATEST GENERATION OF needles for permanent make-up. 90x more resistant\" \/>\n<meta property=\"og:url\" content=\"https:\/\/roxils.com\/en\/boutique\/kwadron-optima-1rl-lt-0-30\/\" \/>\n<meta property=\"og:site_name\" content=\"Roxils\" \/>\n<meta property=\"article:publisher\" content=\"https:\/\/www.facebook.com\/roxilsprolash\" \/>\n<meta property=\"article:modified_time\" content=\"2024-10-17T15:16:56+00:00\" \/>\n<meta property=\"og:image\" content=\"https:\/\/roxils.com\/wp-content\/uploads\/2023\/02\/kwadron-optima-1rl-lt-0-30-roxils-01.jpg\" \/>\n\t<meta property=\"og:image:width\" content=\"600\" \/>\n\t<meta property=\"og:image:height\" content=\"600\" \/>\n\t<meta property=\"og:image:type\" content=\"image\/jpeg\" \/>\n<meta name=\"twitter:card\" content=\"summary_large_image\" \/>\n<meta name=\"twitter:label1\" content=\"Est. reading time\" \/>\n\t<meta name=\"twitter:data1\" content=\"1 minute\" \/>\n<script type=\"application\/ld+json\" class=\"yoast-schema-graph\">{\"@context\":\"https:\\\/\\\/schema.org\",\"@graph\":[{\"@type\":\"WebPage\",\"@id\":\"https:\\\/\\\/roxils.com\\\/en\\\/boutique\\\/kwadron-optima-1rl-lt-0-30\\\/\",\"url\":\"https:\\\/\\\/roxils.com\\\/en\\\/boutique\\\/kwadron-optima-1rl-lt-0-30\\\/\",\"name\":\"Kwadron optima 1RL-LT 0.30 - Roxils - Eyelash Extensions & Beauty Training\",\"isPartOf\":{\"@id\":\"https:\\\/\\\/roxils.com\\\/en\\\/#website\"},\"primaryImageOfPage\":{\"@id\":\"https:\\\/\\\/roxils.com\\\/en\\\/boutique\\\/kwadron-optima-1rl-lt-0-30\\\/#primaryimage\"},\"image\":{\"@id\":\"https:\\\/\\\/roxils.com\\\/en\\\/boutique\\\/kwadron-optima-1rl-lt-0-30\\\/#primaryimage\"},\"thumbnailUrl\":\"https:\\\/\\\/roxils.com\\\/wp-content\\\/uploads\\\/2023\\\/02\\\/kwadron-optima-1rl-lt-0-30-roxils-01.jpg\",\"datePublished\":\"2023-02-03T13:45:27+00:00\",\"dateModified\":\"2024-10-17T15:16:56+00:00\",\"description\":\"LATEST GENERATION OF needles for permanent make-up. 90x more resistant\",\"breadcrumb\":{\"@id\":\"https:\\\/\\\/roxils.com\\\/en\\\/boutique\\\/kwadron-optima-1rl-lt-0-30\\\/#breadcrumb\"},\"inLanguage\":\"en-US\",\"potentialAction\":[{\"@type\":\"ReadAction\",\"target\":[\"https:\\\/\\\/roxils.com\\\/en\\\/boutique\\\/kwadron-optima-1rl-lt-0-30\\\/\"]}]},{\"@type\":\"ImageObject\",\"inLanguage\":\"en-US\",\"@id\":\"https:\\\/\\\/roxils.com\\\/en\\\/boutique\\\/kwadron-optima-1rl-lt-0-30\\\/#primaryimage\",\"url\":\"https:\\\/\\\/roxils.com\\\/wp-content\\\/uploads\\\/2023\\\/02\\\/kwadron-optima-1rl-lt-0-30-roxils-01.jpg\",\"contentUrl\":\"https:\\\/\\\/roxils.com\\\/wp-content\\\/uploads\\\/2023\\\/02\\\/kwadron-optima-1rl-lt-0-30-roxils-01.jpg\",\"width\":600,\"height\":600},{\"@type\":\"BreadcrumbList\",\"@id\":\"https:\\\/\\\/roxils.com\\\/en\\\/boutique\\\/kwadron-optima-1rl-lt-0-30\\\/#breadcrumb\",\"itemListElement\":[{\"@type\":\"ListItem\",\"position\":1,\"name\":\"Home\",\"item\":\"https:\\\/\\\/roxils.com\\\/en\\\/\"},{\"@type\":\"ListItem\",\"position\":2,\"name\":\"Store\",\"item\":\"https:\\\/\\\/roxils.com\\\/en\\\/store\\\/\"},{\"@type\":\"ListItem\",\"position\":3,\"name\":\"Kwadron optima 1RL-LT 0.30\"}]},{\"@type\":\"WebSite\",\"@id\":\"https:\\\/\\\/roxils.com\\\/en\\\/#website\",\"url\":\"https:\\\/\\\/roxils.com\\\/en\\\/\",\"name\":\"Roxils\",\"description\":\"A Belgian brand of eyelash extension\",\"publisher\":{\"@id\":\"https:\\\/\\\/roxils.com\\\/en\\\/#organization\"},\"potentialAction\":[{\"@type\":\"SearchAction\",\"target\":{\"@type\":\"EntryPoint\",\"urlTemplate\":\"https:\\\/\\\/roxils.com\\\/en\\\/?s={search_term_string}\"},\"query-input\":{\"@type\":\"PropertyValueSpecification\",\"valueRequired\":true,\"valueName\":\"search_term_string\"}}],\"inLanguage\":\"en-US\"},{\"@type\":\"Organization\",\"@id\":\"https:\\\/\\\/roxils.com\\\/en\\\/#organization\",\"name\":\"Roxils\",\"url\":\"https:\\\/\\\/roxils.com\\\/en\\\/\",\"logo\":{\"@type\":\"ImageObject\",\"inLanguage\":\"en-US\",\"@id\":\"https:\\\/\\\/roxils.com\\\/en\\\/#\\\/schema\\\/logo\\\/image\\\/\",\"url\":\"https:\\\/\\\/roxils.com\\\/wp-content\\\/uploads\\\/2024\\\/01\\\/logo-roxils.png\",\"contentUrl\":\"https:\\\/\\\/roxils.com\\\/wp-content\\\/uploads\\\/2024\\\/01\\\/logo-roxils.png\",\"width\":555,\"height\":555,\"caption\":\"Roxils\"},\"image\":{\"@id\":\"https:\\\/\\\/roxils.com\\\/en\\\/#\\\/schema\\\/logo\\\/image\\\/\"},\"sameAs\":[\"https:\\\/\\\/www.facebook.com\\\/roxilsprolash\",\"https:\\\/\\\/www.instagram.com\\\/roxilspro\\\/\"]}]}<\/script>\n<!-- \/ Yoast SEO plugin. -->","yoast_head_json":{"title":"Kwadron optima 1RL-LT 0.30 - Roxils - Eyelash Extensions & Beauty Training","description":"LATEST GENERATION OF needles for permanent make-up. 90x more resistant","robots":{"index":"index","follow":"follow","max-snippet":"max-snippet:-1","max-image-preview":"max-image-preview:large","max-video-preview":"max-video-preview:-1"},"canonical":"https:\/\/roxils.com\/en\/boutique\/kwadron-optima-1rl-lt-0-30\/","og_locale":"en_US","og_type":"article","og_title":"Kwadron optima 1RL-LT 0.30 - Roxils - Eyelash Extensions & Beauty Training","og_description":"LATEST GENERATION OF needles for permanent make-up. 90x more resistant","og_url":"https:\/\/roxils.com\/en\/boutique\/kwadron-optima-1rl-lt-0-30\/","og_site_name":"Roxils","article_publisher":"https:\/\/www.facebook.com\/roxilsprolash","article_modified_time":"2024-10-17T15:16:56+00:00","og_image":[{"width":600,"height":600,"url":"https:\/\/roxils.com\/wp-content\/uploads\/2023\/02\/kwadron-optima-1rl-lt-0-30-roxils-01.jpg","type":"image\/jpeg"}],"twitter_card":"summary_large_image","twitter_misc":{"Est. reading time":"1 minute"},"schema":{"@context":"https:\/\/schema.org","@graph":[{"@type":"WebPage","@id":"https:\/\/roxils.com\/en\/boutique\/kwadron-optima-1rl-lt-0-30\/","url":"https:\/\/roxils.com\/en\/boutique\/kwadron-optima-1rl-lt-0-30\/","name":"Kwadron optima 1RL-LT 0.30 - Roxils - Eyelash Extensions & Beauty Training","isPartOf":{"@id":"https:\/\/roxils.com\/en\/#website"},"primaryImageOfPage":{"@id":"https:\/\/roxils.com\/en\/boutique\/kwadron-optima-1rl-lt-0-30\/#primaryimage"},"image":{"@id":"https:\/\/roxils.com\/en\/boutique\/kwadron-optima-1rl-lt-0-30\/#primaryimage"},"thumbnailUrl":"https:\/\/roxils.com\/wp-content\/uploads\/2023\/02\/kwadron-optima-1rl-lt-0-30-roxils-01.jpg","datePublished":"2023-02-03T13:45:27+00:00","dateModified":"2024-10-17T15:16:56+00:00","description":"LATEST GENERATION OF needles for permanent make-up. 90x more resistant","breadcrumb":{"@id":"https:\/\/roxils.com\/en\/boutique\/kwadron-optima-1rl-lt-0-30\/#breadcrumb"},"inLanguage":"en-US","potentialAction":[{"@type":"ReadAction","target":["https:\/\/roxils.com\/en\/boutique\/kwadron-optima-1rl-lt-0-30\/"]}]},{"@type":"ImageObject","inLanguage":"en-US","@id":"https:\/\/roxils.com\/en\/boutique\/kwadron-optima-1rl-lt-0-30\/#primaryimage","url":"https:\/\/roxils.com\/wp-content\/uploads\/2023\/02\/kwadron-optima-1rl-lt-0-30-roxils-01.jpg","contentUrl":"https:\/\/roxils.com\/wp-content\/uploads\/2023\/02\/kwadron-optima-1rl-lt-0-30-roxils-01.jpg","width":600,"height":600},{"@type":"BreadcrumbList","@id":"https:\/\/roxils.com\/en\/boutique\/kwadron-optima-1rl-lt-0-30\/#breadcrumb","itemListElement":[{"@type":"ListItem","position":1,"name":"Home","item":"https:\/\/roxils.com\/en\/"},{"@type":"ListItem","position":2,"name":"Store","item":"https:\/\/roxils.com\/en\/store\/"},{"@type":"ListItem","position":3,"name":"Kwadron optima 1RL-LT 0.30"}]},{"@type":"WebSite","@id":"https:\/\/roxils.com\/en\/#website","url":"https:\/\/roxils.com\/en\/","name":"Roxils","description":"A Belgian brand of eyelash extension","publisher":{"@id":"https:\/\/roxils.com\/en\/#organization"},"potentialAction":[{"@type":"SearchAction","target":{"@type":"EntryPoint","urlTemplate":"https:\/\/roxils.com\/en\/?s={search_term_string}"},"query-input":{"@type":"PropertyValueSpecification","valueRequired":true,"valueName":"search_term_string"}}],"inLanguage":"en-US"},{"@type":"Organization","@id":"https:\/\/roxils.com\/en\/#organization","name":"Roxils","url":"https:\/\/roxils.com\/en\/","logo":{"@type":"ImageObject","inLanguage":"en-US","@id":"https:\/\/roxils.com\/en\/#\/schema\/logo\/image\/","url":"https:\/\/roxils.com\/wp-content\/uploads\/2024\/01\/logo-roxils.png","contentUrl":"https:\/\/roxils.com\/wp-content\/uploads\/2024\/01\/logo-roxils.png","width":555,"height":555,"caption":"Roxils"},"image":{"@id":"https:\/\/roxils.com\/en\/#\/schema\/logo\/image\/"},"sameAs":["https:\/\/www.facebook.com\/roxilsprolash","https:\/\/www.instagram.com\/roxilspro\/"]}]}},"_links":{"self":[{"href":"https:\/\/roxils.com\/en\/wp-json\/wp\/v2\/product\/17979","targetHints":{"allow":["GET"]}}],"collection":[{"href":"https:\/\/roxils.com\/en\/wp-json\/wp\/v2\/product"}],"about":[{"href":"https:\/\/roxils.com\/en\/wp-json\/wp\/v2\/types\/product"}],"replies":[{"embeddable":true,"href":"https:\/\/roxils.com\/en\/wp-json\/wp\/v2\/comments?post=17979"}],"wp:featuredmedia":[{"embeddable":true,"href":"https:\/\/roxils.com\/en\/wp-json\/wp\/v2\/media\/16674"}],"wp:attachment":[{"href":"https:\/\/roxils.com\/en\/wp-json\/wp\/v2\/media?parent=17979"}],"wp:term":[{"taxonomy":"product_brand","embeddable":true,"href":"https:\/\/roxils.com\/en\/wp-json\/wp\/v2\/product_brand?post=17979"},{"taxonomy":"product_cat","embeddable":true,"href":"https:\/\/roxils.com\/en\/wp-json\/wp\/v2\/product_cat?post=17979"},{"taxonomy":"product_tag","embeddable":true,"href":"https:\/\/roxils.com\/en\/wp-json\/wp\/v2\/product_tag?post=17979"}],"curies":[{"name":"wp","href":"https:\/\/api.w.org\/{rel}","templated":true}]}}