{"id":18042,"date":"2022-12-17T19:17:41","date_gmt":"2022-12-17T18:17:41","guid":{"rendered":"https:\/\/roxils.com\/boutique\/diamond-pliers\/"},"modified":"2024-10-18T16:47:05","modified_gmt":"2024-10-18T15:47:05","slug":"diamond-pliers","status":"publish","type":"product","link":"https:\/\/roxils.com\/en\/boutique\/diamond-pliers\/","title":{"rendered":"DIAMOND BRUSH"},"content":{"rendered":"<p><strong>Advice:<\/strong> The choice of your pliers remains subjective. If you are comfortable with your work tool and obtain the desired result, there is no point in changing models at the risk of wasting your time, on the contrary if this is not the case, it may be important to test another model adapted to your technique. <strong>Cleaning:<\/strong> Il est tr\u00e8s important de d\u00e9sinfecter vos pinces entre chaque cliente, pour les r\u00e9sidus de colle sur votre pince, il suffit de laisser tremper quelques minutes dans de l&#8217;ac\u00e9tone. <\/p>\n","protected":false},"excerpt":{"rendered":"<p>DIAMOND TWEEZERS High precision stainless steel and antistatic the +: Precision tip in diamond dust for a better grip Packaging Customizable with your name Because as a lashartist, the most important tool in carrying out your work is your pliers, what could be better than a latest generation pliers and customizable with your name!!! Technique: volume and classic Measuring ruler on the back of the pliers to easily determine the length. Tip: 1cm Length: 12cm Angle: 80 \u00b0 <\/p>\n","protected":false},"featured_media":10738,"comment_status":"closed","ping_status":"closed","template":"","meta":{"_acf_changed":false},"product_brand":[],"product_cat":[189],"product_tag":[],"class_list":{"0":"post-18042","1":"product","2":"type-product","3":"status-publish","4":"has-post-thumbnail","6":"product_cat-tweezers","8":"first","9":"outofstock","10":"taxable","11":"shipping-taxable","12":"purchasable","13":"product-type-simple"},"acf":[],"yoast_head":"<!-- This site is optimized with the Yoast SEO plugin v27.3 - https:\/\/yoast.com\/product\/yoast-seo-wordpress\/ -->\n<title>DIAMOND BRUSH - Roxils - Eyelash Extensions &amp; Beauty Training<\/title>\n<meta name=\"description\" content=\"DIAMOND BRUSH%sep%% Discover Roxils, your Belgian brand dedicated to eyelash extension. FREE SHIPPING: BENELUX from 75\u20ac Ex VAT | FRANCE from 100\u20ac\" \/>\n<meta name=\"robots\" content=\"index, follow, max-snippet:-1, max-image-preview:large, max-video-preview:-1\" \/>\n<link rel=\"canonical\" href=\"https:\/\/roxils.com\/en\/boutique\/diamond-pliers\/\" \/>\n<meta property=\"og:locale\" content=\"en_US\" \/>\n<meta property=\"og:type\" content=\"article\" \/>\n<meta property=\"og:title\" content=\"DIAMOND BRUSH - Roxils - Eyelash Extensions &amp; Beauty Training\" \/>\n<meta property=\"og:description\" content=\"DIAMOND BRUSH%sep%% Discover Roxils, your Belgian brand dedicated to eyelash extension. FREE SHIPPING: BENELUX from 75\u20ac Ex VAT | FRANCE from 100\u20ac\" \/>\n<meta property=\"og:url\" content=\"https:\/\/roxils.com\/en\/boutique\/diamond-pliers\/\" \/>\n<meta property=\"og:site_name\" content=\"Roxils\" \/>\n<meta property=\"article:publisher\" content=\"https:\/\/www.facebook.com\/roxilsprolash\" \/>\n<meta property=\"article:modified_time\" content=\"2024-10-18T15:47:05+00:00\" \/>\n<meta property=\"og:image\" content=\"https:\/\/roxils.com\/wp-content\/uploads\/2022\/12\/produit-avec-personnalisation-2.jpg\" \/>\n\t<meta property=\"og:image:width\" content=\"800\" \/>\n\t<meta property=\"og:image:height\" content=\"800\" \/>\n\t<meta property=\"og:image:type\" content=\"image\/jpeg\" \/>\n<meta name=\"twitter:card\" content=\"summary_large_image\" \/>\n<script type=\"application\/ld+json\" class=\"yoast-schema-graph\">{\"@context\":\"https:\\\/\\\/schema.org\",\"@graph\":[{\"@type\":\"WebPage\",\"@id\":\"https:\\\/\\\/roxils.com\\\/en\\\/boutique\\\/diamond-pliers\\\/\",\"url\":\"https:\\\/\\\/roxils.com\\\/en\\\/boutique\\\/diamond-pliers\\\/\",\"name\":\"DIAMOND BRUSH - Roxils - Eyelash Extensions & Beauty Training\",\"isPartOf\":{\"@id\":\"https:\\\/\\\/roxils.com\\\/en\\\/#website\"},\"primaryImageOfPage\":{\"@id\":\"https:\\\/\\\/roxils.com\\\/en\\\/boutique\\\/diamond-pliers\\\/#primaryimage\"},\"image\":{\"@id\":\"https:\\\/\\\/roxils.com\\\/en\\\/boutique\\\/diamond-pliers\\\/#primaryimage\"},\"thumbnailUrl\":\"https:\\\/\\\/roxils.com\\\/wp-content\\\/uploads\\\/2022\\\/12\\\/produit-avec-personnalisation-2.jpg\",\"datePublished\":\"2022-12-17T18:17:41+00:00\",\"dateModified\":\"2024-10-18T15:47:05+00:00\",\"description\":\"DIAMOND BRUSH%sep%% Discover Roxils, your Belgian brand dedicated to eyelash extension. FREE SHIPPING: BENELUX from 75\u20ac Ex VAT | FRANCE from 100\u20ac\",\"breadcrumb\":{\"@id\":\"https:\\\/\\\/roxils.com\\\/en\\\/boutique\\\/diamond-pliers\\\/#breadcrumb\"},\"inLanguage\":\"en-US\",\"potentialAction\":[{\"@type\":\"ReadAction\",\"target\":[\"https:\\\/\\\/roxils.com\\\/en\\\/boutique\\\/diamond-pliers\\\/\"]}]},{\"@type\":\"ImageObject\",\"inLanguage\":\"en-US\",\"@id\":\"https:\\\/\\\/roxils.com\\\/en\\\/boutique\\\/diamond-pliers\\\/#primaryimage\",\"url\":\"https:\\\/\\\/roxils.com\\\/wp-content\\\/uploads\\\/2022\\\/12\\\/produit-avec-personnalisation-2.jpg\",\"contentUrl\":\"https:\\\/\\\/roxils.com\\\/wp-content\\\/uploads\\\/2022\\\/12\\\/produit-avec-personnalisation-2.jpg\",\"width\":800,\"height\":800},{\"@type\":\"BreadcrumbList\",\"@id\":\"https:\\\/\\\/roxils.com\\\/en\\\/boutique\\\/diamond-pliers\\\/#breadcrumb\",\"itemListElement\":[{\"@type\":\"ListItem\",\"position\":1,\"name\":\"Home\",\"item\":\"https:\\\/\\\/roxils.com\\\/en\\\/\"},{\"@type\":\"ListItem\",\"position\":2,\"name\":\"Store\",\"item\":\"https:\\\/\\\/roxils.com\\\/en\\\/store\\\/\"},{\"@type\":\"ListItem\",\"position\":3,\"name\":\"DIAMOND BRUSH\"}]},{\"@type\":\"WebSite\",\"@id\":\"https:\\\/\\\/roxils.com\\\/en\\\/#website\",\"url\":\"https:\\\/\\\/roxils.com\\\/en\\\/\",\"name\":\"Roxils\",\"description\":\"A Belgian brand of eyelash extension\",\"publisher\":{\"@id\":\"https:\\\/\\\/roxils.com\\\/en\\\/#organization\"},\"potentialAction\":[{\"@type\":\"SearchAction\",\"target\":{\"@type\":\"EntryPoint\",\"urlTemplate\":\"https:\\\/\\\/roxils.com\\\/en\\\/?s={search_term_string}\"},\"query-input\":{\"@type\":\"PropertyValueSpecification\",\"valueRequired\":true,\"valueName\":\"search_term_string\"}}],\"inLanguage\":\"en-US\"},{\"@type\":\"Organization\",\"@id\":\"https:\\\/\\\/roxils.com\\\/en\\\/#organization\",\"name\":\"Roxils\",\"url\":\"https:\\\/\\\/roxils.com\\\/en\\\/\",\"logo\":{\"@type\":\"ImageObject\",\"inLanguage\":\"en-US\",\"@id\":\"https:\\\/\\\/roxils.com\\\/en\\\/#\\\/schema\\\/logo\\\/image\\\/\",\"url\":\"https:\\\/\\\/roxils.com\\\/wp-content\\\/uploads\\\/2024\\\/01\\\/logo-roxils.png\",\"contentUrl\":\"https:\\\/\\\/roxils.com\\\/wp-content\\\/uploads\\\/2024\\\/01\\\/logo-roxils.png\",\"width\":555,\"height\":555,\"caption\":\"Roxils\"},\"image\":{\"@id\":\"https:\\\/\\\/roxils.com\\\/en\\\/#\\\/schema\\\/logo\\\/image\\\/\"},\"sameAs\":[\"https:\\\/\\\/www.facebook.com\\\/roxilsprolash\",\"https:\\\/\\\/www.instagram.com\\\/roxilspro\\\/\"]}]}<\/script>\n<!-- \/ Yoast SEO plugin. -->","yoast_head_json":{"title":"DIAMOND BRUSH - Roxils - Eyelash Extensions & Beauty Training","description":"DIAMOND BRUSH%sep%% Discover Roxils, your Belgian brand dedicated to eyelash extension. FREE SHIPPING: BENELUX from 75\u20ac Ex VAT | FRANCE from 100\u20ac","robots":{"index":"index","follow":"follow","max-snippet":"max-snippet:-1","max-image-preview":"max-image-preview:large","max-video-preview":"max-video-preview:-1"},"canonical":"https:\/\/roxils.com\/en\/boutique\/diamond-pliers\/","og_locale":"en_US","og_type":"article","og_title":"DIAMOND BRUSH - Roxils - Eyelash Extensions & Beauty Training","og_description":"DIAMOND BRUSH%sep%% Discover Roxils, your Belgian brand dedicated to eyelash extension. FREE SHIPPING: BENELUX from 75\u20ac Ex VAT | FRANCE from 100\u20ac","og_url":"https:\/\/roxils.com\/en\/boutique\/diamond-pliers\/","og_site_name":"Roxils","article_publisher":"https:\/\/www.facebook.com\/roxilsprolash","article_modified_time":"2024-10-18T15:47:05+00:00","og_image":[{"width":800,"height":800,"url":"https:\/\/roxils.com\/wp-content\/uploads\/2022\/12\/produit-avec-personnalisation-2.jpg","type":"image\/jpeg"}],"twitter_card":"summary_large_image","schema":{"@context":"https:\/\/schema.org","@graph":[{"@type":"WebPage","@id":"https:\/\/roxils.com\/en\/boutique\/diamond-pliers\/","url":"https:\/\/roxils.com\/en\/boutique\/diamond-pliers\/","name":"DIAMOND BRUSH - Roxils - Eyelash Extensions & Beauty Training","isPartOf":{"@id":"https:\/\/roxils.com\/en\/#website"},"primaryImageOfPage":{"@id":"https:\/\/roxils.com\/en\/boutique\/diamond-pliers\/#primaryimage"},"image":{"@id":"https:\/\/roxils.com\/en\/boutique\/diamond-pliers\/#primaryimage"},"thumbnailUrl":"https:\/\/roxils.com\/wp-content\/uploads\/2022\/12\/produit-avec-personnalisation-2.jpg","datePublished":"2022-12-17T18:17:41+00:00","dateModified":"2024-10-18T15:47:05+00:00","description":"DIAMOND BRUSH%sep%% Discover Roxils, your Belgian brand dedicated to eyelash extension. FREE SHIPPING: BENELUX from 75\u20ac Ex VAT | FRANCE from 100\u20ac","breadcrumb":{"@id":"https:\/\/roxils.com\/en\/boutique\/diamond-pliers\/#breadcrumb"},"inLanguage":"en-US","potentialAction":[{"@type":"ReadAction","target":["https:\/\/roxils.com\/en\/boutique\/diamond-pliers\/"]}]},{"@type":"ImageObject","inLanguage":"en-US","@id":"https:\/\/roxils.com\/en\/boutique\/diamond-pliers\/#primaryimage","url":"https:\/\/roxils.com\/wp-content\/uploads\/2022\/12\/produit-avec-personnalisation-2.jpg","contentUrl":"https:\/\/roxils.com\/wp-content\/uploads\/2022\/12\/produit-avec-personnalisation-2.jpg","width":800,"height":800},{"@type":"BreadcrumbList","@id":"https:\/\/roxils.com\/en\/boutique\/diamond-pliers\/#breadcrumb","itemListElement":[{"@type":"ListItem","position":1,"name":"Home","item":"https:\/\/roxils.com\/en\/"},{"@type":"ListItem","position":2,"name":"Store","item":"https:\/\/roxils.com\/en\/store\/"},{"@type":"ListItem","position":3,"name":"DIAMOND BRUSH"}]},{"@type":"WebSite","@id":"https:\/\/roxils.com\/en\/#website","url":"https:\/\/roxils.com\/en\/","name":"Roxils","description":"A Belgian brand of eyelash extension","publisher":{"@id":"https:\/\/roxils.com\/en\/#organization"},"potentialAction":[{"@type":"SearchAction","target":{"@type":"EntryPoint","urlTemplate":"https:\/\/roxils.com\/en\/?s={search_term_string}"},"query-input":{"@type":"PropertyValueSpecification","valueRequired":true,"valueName":"search_term_string"}}],"inLanguage":"en-US"},{"@type":"Organization","@id":"https:\/\/roxils.com\/en\/#organization","name":"Roxils","url":"https:\/\/roxils.com\/en\/","logo":{"@type":"ImageObject","inLanguage":"en-US","@id":"https:\/\/roxils.com\/en\/#\/schema\/logo\/image\/","url":"https:\/\/roxils.com\/wp-content\/uploads\/2024\/01\/logo-roxils.png","contentUrl":"https:\/\/roxils.com\/wp-content\/uploads\/2024\/01\/logo-roxils.png","width":555,"height":555,"caption":"Roxils"},"image":{"@id":"https:\/\/roxils.com\/en\/#\/schema\/logo\/image\/"},"sameAs":["https:\/\/www.facebook.com\/roxilsprolash","https:\/\/www.instagram.com\/roxilspro\/"]}]}},"_links":{"self":[{"href":"https:\/\/roxils.com\/en\/wp-json\/wp\/v2\/product\/18042","targetHints":{"allow":["GET"]}}],"collection":[{"href":"https:\/\/roxils.com\/en\/wp-json\/wp\/v2\/product"}],"about":[{"href":"https:\/\/roxils.com\/en\/wp-json\/wp\/v2\/types\/product"}],"replies":[{"embeddable":true,"href":"https:\/\/roxils.com\/en\/wp-json\/wp\/v2\/comments?post=18042"}],"wp:featuredmedia":[{"embeddable":true,"href":"https:\/\/roxils.com\/en\/wp-json\/wp\/v2\/media\/10738"}],"wp:attachment":[{"href":"https:\/\/roxils.com\/en\/wp-json\/wp\/v2\/media?parent=18042"}],"wp:term":[{"taxonomy":"product_brand","embeddable":true,"href":"https:\/\/roxils.com\/en\/wp-json\/wp\/v2\/product_brand?post=18042"},{"taxonomy":"product_cat","embeddable":true,"href":"https:\/\/roxils.com\/en\/wp-json\/wp\/v2\/product_cat?post=18042"},{"taxonomy":"product_tag","embeddable":true,"href":"https:\/\/roxils.com\/en\/wp-json\/wp\/v2\/product_tag?post=18042"}],"curies":[{"name":"wp","href":"https:\/\/api.w.org\/{rel}","templated":true}]}}