{"id":18110,"date":"2022-12-17T19:12:57","date_gmt":"2022-12-17T18:12:57","guid":{"rendered":"https:\/\/roxils.com\/boutique\/collection-spike-lashes\/"},"modified":"2024-02-15T12:10:18","modified_gmt":"2024-02-15T11:10:18","slug":"collection-spike-lashes","status":"publish","type":"product","link":"https:\/\/roxils.com\/en\/boutique\/collection-spike-lashes\/","title":{"rendered":"SPIKE LASHES Collection"},"content":{"rendered":"<pre id=\"tw-target-text\" class=\"tw-data-text tw-text-large tw-ta\" dir=\"ltr\" data-placeholder=\"Traduction\"><span class=\"Y2IQFc\" lang=\"fr\">Cr\u00e9ez de magnifiques ensembles de volumes \u00ab Kim K \u00bb\nVous voulez conna\u00eetre le secret pour cr\u00e9er les magnifiques poses de volume inspir\u00e9s de Kim K que vous avez vus sur Instagram ? Pointes pr\u00e9fabriqu\u00e9es !\nUtilisez les Premade Spike lashes de ROXILS pour cr\u00e9er sans effort un look instagrammable et tr\u00e8s recherch\u00e9. \nCommencez \u00e0 proposer ce style d\u00e8s maintenant pour vous d\u00e9marquer des autres salons de cils de votre r\u00e9gion. \nVos clientes ne pourront pas r\u00e9sister \u00e0 l'envie de revenir vers vous une fois qu'elles auront essay\u00e9 ce look unique!<\/span><\/pre>\n","protected":false},"excerpt":{"rendered":"<p>spike lashes&#8221; volume collection<br \/>\nideal for your KIM K effects<br \/>\nSave time with these prefect spiked lashes, perfect for giving a spiky effect to your poses.<br \/>\nCurvature: C<br \/>\nthickness: 0.07<br \/>\nlength: 10,11,12,13,14<\/p>\n","protected":false},"featured_media":16112,"comment_status":"closed","ping_status":"closed","template":"","meta":{"_acf_changed":false},"product_brand":[],"product_cat":[206,191],"product_tag":[],"class_list":{"0":"post-18110","1":"product","2":"type-product","3":"status-publish","4":"has-post-thumbnail","6":"product_cat-discount","7":"product_cat-promade-eyelash-extensions","9":"first","10":"outofstock","11":"taxable","12":"shipping-taxable","13":"purchasable","14":"product-type-variable"},"acf":[],"yoast_head":"<!-- This site is optimized with the Yoast SEO plugin v27.3 - https:\/\/yoast.com\/product\/yoast-seo-wordpress\/ -->\n<title>SPIKE LASHES Collection - Roxils - Eyelash Extensions &amp; Beauty Training<\/title>\n<meta name=\"description\" content=\"SPIKE LASHES Collection%sep%% Discover Roxils, your Belgian brand dedicated to eyelash extension. FREE SHIPPING: BENELUX from 75\u20ac Ex VAT | FRANCE from 100\u20ac\" \/>\n<meta name=\"robots\" content=\"index, follow, max-snippet:-1, max-image-preview:large, max-video-preview:-1\" \/>\n<link rel=\"canonical\" href=\"https:\/\/roxils.com\/en\/boutique\/collection-spike-lashes\/\" \/>\n<meta property=\"og:locale\" content=\"en_US\" \/>\n<meta property=\"og:type\" content=\"article\" \/>\n<meta property=\"og:title\" content=\"SPIKE LASHES Collection - Roxils - Eyelash Extensions &amp; Beauty Training\" \/>\n<meta property=\"og:description\" content=\"SPIKE LASHES Collection%sep%% Discover Roxils, your Belgian brand dedicated to eyelash extension. FREE SHIPPING: BENELUX from 75\u20ac Ex VAT | FRANCE from 100\u20ac\" \/>\n<meta property=\"og:url\" content=\"https:\/\/roxils.com\/en\/boutique\/collection-spike-lashes\/\" \/>\n<meta property=\"og:site_name\" content=\"Roxils\" \/>\n<meta property=\"article:publisher\" content=\"https:\/\/www.facebook.com\/roxilsprolash\" \/>\n<meta property=\"article:modified_time\" content=\"2024-02-15T11:10:18+00:00\" \/>\n<meta property=\"og:image\" content=\"https:\/\/roxils.com\/wp-content\/uploads\/2022\/12\/collection-spike-lashes-01.jpg\" \/>\n\t<meta property=\"og:image:width\" content=\"600\" \/>\n\t<meta property=\"og:image:height\" content=\"600\" \/>\n\t<meta property=\"og:image:type\" content=\"image\/jpeg\" \/>\n<meta name=\"twitter:card\" content=\"summary_large_image\" \/>\n<script type=\"application\/ld+json\" class=\"yoast-schema-graph\">{\"@context\":\"https:\\\/\\\/schema.org\",\"@graph\":[{\"@type\":\"WebPage\",\"@id\":\"https:\\\/\\\/roxils.com\\\/en\\\/boutique\\\/collection-spike-lashes\\\/\",\"url\":\"https:\\\/\\\/roxils.com\\\/en\\\/boutique\\\/collection-spike-lashes\\\/\",\"name\":\"SPIKE LASHES Collection - Roxils - Eyelash Extensions & Beauty Training\",\"isPartOf\":{\"@id\":\"https:\\\/\\\/roxils.com\\\/en\\\/#website\"},\"primaryImageOfPage\":{\"@id\":\"https:\\\/\\\/roxils.com\\\/en\\\/boutique\\\/collection-spike-lashes\\\/#primaryimage\"},\"image\":{\"@id\":\"https:\\\/\\\/roxils.com\\\/en\\\/boutique\\\/collection-spike-lashes\\\/#primaryimage\"},\"thumbnailUrl\":\"https:\\\/\\\/roxils.com\\\/wp-content\\\/uploads\\\/2022\\\/12\\\/collection-spike-lashes-01.jpg\",\"datePublished\":\"2022-12-17T18:12:57+00:00\",\"dateModified\":\"2024-02-15T11:10:18+00:00\",\"description\":\"SPIKE LASHES Collection%sep%% Discover Roxils, your Belgian brand dedicated to eyelash extension. FREE SHIPPING: BENELUX from 75\u20ac Ex VAT | FRANCE from 100\u20ac\",\"breadcrumb\":{\"@id\":\"https:\\\/\\\/roxils.com\\\/en\\\/boutique\\\/collection-spike-lashes\\\/#breadcrumb\"},\"inLanguage\":\"en-US\",\"potentialAction\":[{\"@type\":\"ReadAction\",\"target\":[\"https:\\\/\\\/roxils.com\\\/en\\\/boutique\\\/collection-spike-lashes\\\/\"]}]},{\"@type\":\"ImageObject\",\"inLanguage\":\"en-US\",\"@id\":\"https:\\\/\\\/roxils.com\\\/en\\\/boutique\\\/collection-spike-lashes\\\/#primaryimage\",\"url\":\"https:\\\/\\\/roxils.com\\\/wp-content\\\/uploads\\\/2022\\\/12\\\/collection-spike-lashes-01.jpg\",\"contentUrl\":\"https:\\\/\\\/roxils.com\\\/wp-content\\\/uploads\\\/2022\\\/12\\\/collection-spike-lashes-01.jpg\",\"width\":600,\"height\":600},{\"@type\":\"BreadcrumbList\",\"@id\":\"https:\\\/\\\/roxils.com\\\/en\\\/boutique\\\/collection-spike-lashes\\\/#breadcrumb\",\"itemListElement\":[{\"@type\":\"ListItem\",\"position\":1,\"name\":\"Home\",\"item\":\"https:\\\/\\\/roxils.com\\\/en\\\/\"},{\"@type\":\"ListItem\",\"position\":2,\"name\":\"Store\",\"item\":\"https:\\\/\\\/roxils.com\\\/en\\\/store\\\/\"},{\"@type\":\"ListItem\",\"position\":3,\"name\":\"SPIKE LASHES Collection\"}]},{\"@type\":\"WebSite\",\"@id\":\"https:\\\/\\\/roxils.com\\\/en\\\/#website\",\"url\":\"https:\\\/\\\/roxils.com\\\/en\\\/\",\"name\":\"Roxils\",\"description\":\"A Belgian brand of eyelash extension\",\"publisher\":{\"@id\":\"https:\\\/\\\/roxils.com\\\/en\\\/#organization\"},\"potentialAction\":[{\"@type\":\"SearchAction\",\"target\":{\"@type\":\"EntryPoint\",\"urlTemplate\":\"https:\\\/\\\/roxils.com\\\/en\\\/?s={search_term_string}\"},\"query-input\":{\"@type\":\"PropertyValueSpecification\",\"valueRequired\":true,\"valueName\":\"search_term_string\"}}],\"inLanguage\":\"en-US\"},{\"@type\":\"Organization\",\"@id\":\"https:\\\/\\\/roxils.com\\\/en\\\/#organization\",\"name\":\"Roxils\",\"url\":\"https:\\\/\\\/roxils.com\\\/en\\\/\",\"logo\":{\"@type\":\"ImageObject\",\"inLanguage\":\"en-US\",\"@id\":\"https:\\\/\\\/roxils.com\\\/en\\\/#\\\/schema\\\/logo\\\/image\\\/\",\"url\":\"https:\\\/\\\/roxils.com\\\/wp-content\\\/uploads\\\/2024\\\/01\\\/logo-roxils.png\",\"contentUrl\":\"https:\\\/\\\/roxils.com\\\/wp-content\\\/uploads\\\/2024\\\/01\\\/logo-roxils.png\",\"width\":555,\"height\":555,\"caption\":\"Roxils\"},\"image\":{\"@id\":\"https:\\\/\\\/roxils.com\\\/en\\\/#\\\/schema\\\/logo\\\/image\\\/\"},\"sameAs\":[\"https:\\\/\\\/www.facebook.com\\\/roxilsprolash\",\"https:\\\/\\\/www.instagram.com\\\/roxilspro\\\/\"]}]}<\/script>\n<!-- \/ Yoast SEO plugin. -->","yoast_head_json":{"title":"SPIKE LASHES Collection - Roxils - Eyelash Extensions & Beauty Training","description":"SPIKE LASHES Collection%sep%% Discover Roxils, your Belgian brand dedicated to eyelash extension. FREE SHIPPING: BENELUX from 75\u20ac Ex VAT | FRANCE from 100\u20ac","robots":{"index":"index","follow":"follow","max-snippet":"max-snippet:-1","max-image-preview":"max-image-preview:large","max-video-preview":"max-video-preview:-1"},"canonical":"https:\/\/roxils.com\/en\/boutique\/collection-spike-lashes\/","og_locale":"en_US","og_type":"article","og_title":"SPIKE LASHES Collection - Roxils - Eyelash Extensions & Beauty Training","og_description":"SPIKE LASHES Collection%sep%% Discover Roxils, your Belgian brand dedicated to eyelash extension. FREE SHIPPING: BENELUX from 75\u20ac Ex VAT | FRANCE from 100\u20ac","og_url":"https:\/\/roxils.com\/en\/boutique\/collection-spike-lashes\/","og_site_name":"Roxils","article_publisher":"https:\/\/www.facebook.com\/roxilsprolash","article_modified_time":"2024-02-15T11:10:18+00:00","og_image":[{"width":600,"height":600,"url":"https:\/\/roxils.com\/wp-content\/uploads\/2022\/12\/collection-spike-lashes-01.jpg","type":"image\/jpeg"}],"twitter_card":"summary_large_image","schema":{"@context":"https:\/\/schema.org","@graph":[{"@type":"WebPage","@id":"https:\/\/roxils.com\/en\/boutique\/collection-spike-lashes\/","url":"https:\/\/roxils.com\/en\/boutique\/collection-spike-lashes\/","name":"SPIKE LASHES Collection - Roxils - Eyelash Extensions & Beauty Training","isPartOf":{"@id":"https:\/\/roxils.com\/en\/#website"},"primaryImageOfPage":{"@id":"https:\/\/roxils.com\/en\/boutique\/collection-spike-lashes\/#primaryimage"},"image":{"@id":"https:\/\/roxils.com\/en\/boutique\/collection-spike-lashes\/#primaryimage"},"thumbnailUrl":"https:\/\/roxils.com\/wp-content\/uploads\/2022\/12\/collection-spike-lashes-01.jpg","datePublished":"2022-12-17T18:12:57+00:00","dateModified":"2024-02-15T11:10:18+00:00","description":"SPIKE LASHES Collection%sep%% Discover Roxils, your Belgian brand dedicated to eyelash extension. FREE SHIPPING: BENELUX from 75\u20ac Ex VAT | FRANCE from 100\u20ac","breadcrumb":{"@id":"https:\/\/roxils.com\/en\/boutique\/collection-spike-lashes\/#breadcrumb"},"inLanguage":"en-US","potentialAction":[{"@type":"ReadAction","target":["https:\/\/roxils.com\/en\/boutique\/collection-spike-lashes\/"]}]},{"@type":"ImageObject","inLanguage":"en-US","@id":"https:\/\/roxils.com\/en\/boutique\/collection-spike-lashes\/#primaryimage","url":"https:\/\/roxils.com\/wp-content\/uploads\/2022\/12\/collection-spike-lashes-01.jpg","contentUrl":"https:\/\/roxils.com\/wp-content\/uploads\/2022\/12\/collection-spike-lashes-01.jpg","width":600,"height":600},{"@type":"BreadcrumbList","@id":"https:\/\/roxils.com\/en\/boutique\/collection-spike-lashes\/#breadcrumb","itemListElement":[{"@type":"ListItem","position":1,"name":"Home","item":"https:\/\/roxils.com\/en\/"},{"@type":"ListItem","position":2,"name":"Store","item":"https:\/\/roxils.com\/en\/store\/"},{"@type":"ListItem","position":3,"name":"SPIKE LASHES Collection"}]},{"@type":"WebSite","@id":"https:\/\/roxils.com\/en\/#website","url":"https:\/\/roxils.com\/en\/","name":"Roxils","description":"A Belgian brand of eyelash extension","publisher":{"@id":"https:\/\/roxils.com\/en\/#organization"},"potentialAction":[{"@type":"SearchAction","target":{"@type":"EntryPoint","urlTemplate":"https:\/\/roxils.com\/en\/?s={search_term_string}"},"query-input":{"@type":"PropertyValueSpecification","valueRequired":true,"valueName":"search_term_string"}}],"inLanguage":"en-US"},{"@type":"Organization","@id":"https:\/\/roxils.com\/en\/#organization","name":"Roxils","url":"https:\/\/roxils.com\/en\/","logo":{"@type":"ImageObject","inLanguage":"en-US","@id":"https:\/\/roxils.com\/en\/#\/schema\/logo\/image\/","url":"https:\/\/roxils.com\/wp-content\/uploads\/2024\/01\/logo-roxils.png","contentUrl":"https:\/\/roxils.com\/wp-content\/uploads\/2024\/01\/logo-roxils.png","width":555,"height":555,"caption":"Roxils"},"image":{"@id":"https:\/\/roxils.com\/en\/#\/schema\/logo\/image\/"},"sameAs":["https:\/\/www.facebook.com\/roxilsprolash","https:\/\/www.instagram.com\/roxilspro\/"]}]}},"_links":{"self":[{"href":"https:\/\/roxils.com\/en\/wp-json\/wp\/v2\/product\/18110","targetHints":{"allow":["GET"]}}],"collection":[{"href":"https:\/\/roxils.com\/en\/wp-json\/wp\/v2\/product"}],"about":[{"href":"https:\/\/roxils.com\/en\/wp-json\/wp\/v2\/types\/product"}],"replies":[{"embeddable":true,"href":"https:\/\/roxils.com\/en\/wp-json\/wp\/v2\/comments?post=18110"}],"wp:featuredmedia":[{"embeddable":true,"href":"https:\/\/roxils.com\/en\/wp-json\/wp\/v2\/media\/16112"}],"wp:attachment":[{"href":"https:\/\/roxils.com\/en\/wp-json\/wp\/v2\/media?parent=18110"}],"wp:term":[{"taxonomy":"product_brand","embeddable":true,"href":"https:\/\/roxils.com\/en\/wp-json\/wp\/v2\/product_brand?post=18110"},{"taxonomy":"product_cat","embeddable":true,"href":"https:\/\/roxils.com\/en\/wp-json\/wp\/v2\/product_cat?post=18110"},{"taxonomy":"product_tag","embeddable":true,"href":"https:\/\/roxils.com\/en\/wp-json\/wp\/v2\/product_tag?post=18110"}],"curies":[{"name":"wp","href":"https:\/\/api.w.org\/{rel}","templated":true}]}}