{"id":24763,"date":"2024-03-18T05:04:22","date_gmt":"2024-03-18T04:04:22","guid":{"rendered":"https:\/\/roxils.com\/boutique\/airbrush-gun\/"},"modified":"2025-12-05T11:43:15","modified_gmt":"2025-12-05T10:43:15","slug":"airbrush-gun","status":"publish","type":"product","link":"https:\/\/roxils.com\/en\/boutique\/airbrush-gun\/","title":{"rendered":"AIRBRUSH gun"},"content":{"rendered":"<h3>The Mrs.Highbrow airbrush kit contains :<\/h3>\n<ul>\n<li>1 x Airbrush<\/li>\n<li>1 x buse of replacement<\/li>\n<li>1 x pipette<\/li>\n<li>5 x cleansing brush<\/li>\n<li>1 x air compressor<\/li>\n<li>1 x steel cup (5 ml)<\/li>\n<li>2 x plastic cup (15 et 35 ml)<\/li>\n<li>1 x c\u00e2ble USB-C<\/li>\n<li>1 x Manual<\/li>\n<\/ul>\n<h3>cleaning and warranty<\/h3>\n<p>It is essential to clean the Airbrush Brow Machine thoroughly after each treatment. In this kit you&#8217;ll find various brushes for cleaning the machine. <\/p>\n<p><strong>This product comes with a 6-month warranty. The warranty covers manufacturing faults or if the unit fails to light up or start. <\/strong><\/p>\n<p><strong>Attention :<\/strong> aucune garantie n&#8217;est accord\u00e9e en cas de probl\u00e8mes li\u00e9s au fonctionnement g\u00e9n\u00e9ral de l&#8217;appareil. Celles-ci sont dues \u00e0 un nettoyage incorrect, \u00e0 un montage incorrect ou \u00e0 l&#8217;utilisation de produits inappropri\u00e9s. <\/p>\n<h3>Liquid colorant only<\/h3>\n<p>The airbrush can only be used with liquid colorant and developer, such as Mrs.Highbrow PowerStain and Airbrush Activator. If you use less liquid paint, your device will clog up and eventually break. <\/p>\n<h3>Caract\u00e9ristic<\/h3>\n<ul>\n<li>2 postes<\/li>\n<li>20-30 PSI \/ 1,8 bars<\/li>\n<li>295 grammes<\/li>\n<li>Buse 0,3 mm<\/li>\n<li>charging time: 90 min<\/li>\n<li>Battery operates for 50 minutes<\/li>\n<li>cordless<\/li>\n<li>Tension d&#8217;entr\u00e9e : 5 V\/1 A.<\/li>\n<li>Power 5W<\/li>\n<li>D\u00e9bit d&#8217;air 8-10L\/min<\/li>\n<li>DC: 6VCharge 5v 1A TYPE C<\/li>\n<li>74V 1000MAH<\/li>\n<li>Warranty 6 months<\/li>\n<\/ul>\n<h3>Manual<\/h3>\n<ol>\n<li>Install the airbrush, cup and air compressor correctly (as described in the manual).<\/li>\n<li>D\u00e9posez 5 gouttes de PowerStain avec 4 gouttes d&#8217;Airbrush Activator dans la tasse de la machine. Gardez le couvercle ferm\u00e9. <\/li>\n<li>Allumez la machine avec le bouton en bas. Appuyez une fois pour la position 1, appuyez deux fois pour la position 2. <\/li>\n<li>keep a cotton pad against the nozzle of the gun and push on the trigger.<\/li>\n<li>La peinture va maintenant bouillonner. Apr\u00e8s environ 10 secondes, la peinture est bien m\u00e9lang\u00e9e. <\/li>\n<li>Press on the trigger and pull it slowly to start the spraying<\/li>\n<li>First spray on a cotton pads to see if the dye iis correct in terms of thickness and color.<\/li>\n<li>After each treatment, clean the airbrush using a cleaning pot or bubble technique.<\/li>\n<\/ol>\n<h3>Here&#8217;s how to clean your airbrush<\/h3>\n<p>After each treatment, thoroughly rinse the airbrush. This can be done using a special cleaning pot or by using the bubble technique. <\/p>\n<ul>\n<li>Unscrew the metal cup from the airbrush, and clean it under the faucet.<\/li>\n<li>Screw the largest size plastic cup on the machine.<\/li>\n<li>Fill the cup with water, turn on the machine.<\/li>\n<li>Hold a cotton ball against the nozzle, squeeze the trigger and slowly pull it back.<\/li>\n<li>Let the water bubble, until it runs clear.<\/li>\n<li>. Empty the cup, and repeat two more times.<\/li>\n<li>Then remove the cotton ball from the nozzle and squirt water into a bowl or sink. Spray until no more water comes out.<\/li>\n<li>Remove the cup, and screw the metal cup back on<\/li>\n<li>Spray until no more water comes out.<\/li>\n<\/ul>\n","protected":false},"excerpt":{"rendered":"<p>High-quality airbrush, the perfect tool for airbrush eyebrows! Specifically developed for Mrs. Highbrow. Includes a charging cable and cleaning brushes. Use the machine with Mrs. Highbrow PowerStain liquid and Airbrush Activator.   <\/p>\n<ul>\n<li>High quality<\/li>\n<li>2 postes<\/li>\n<li>light<\/li>\n<li>Buse 0,3 mm<\/li>\n<li>cordless<\/li>\n<\/ul>\n","protected":false},"featured_media":21306,"comment_status":"open","ping_status":"closed","template":"","meta":{"_acf_changed":false},"product_brand":[],"product_cat":[211],"product_tag":[],"class_list":{"0":"post-24763","1":"product","2":"type-product","3":"status-publish","4":"has-post-thumbnail","6":"product_cat-powerstain-tint","8":"first","9":"instock","10":"taxable","11":"shipping-taxable","12":"purchasable","13":"product-type-simple"},"acf":[],"yoast_head":"<!-- This site is optimized with the Yoast SEO plugin v27.3 - https:\/\/yoast.com\/product\/yoast-seo-wordpress\/ -->\n<title>AIRBRUSH gun - Roxils - Eyelash Extensions &amp; Beauty Training<\/title>\n<meta name=\"description\" content=\"AIRBRUSH gun%sep%% Discover Roxils, your Belgian brand dedicated to eyelash extension. FREE SHIPPING: BENELUX from 75\u20ac Ex VAT | FRANCE from 100\u20ac\" \/>\n<meta name=\"robots\" content=\"index, follow, max-snippet:-1, max-image-preview:large, max-video-preview:-1\" \/>\n<link rel=\"canonical\" href=\"https:\/\/roxils.com\/en\/boutique\/airbrush-gun\/\" \/>\n<meta property=\"og:locale\" content=\"en_US\" \/>\n<meta property=\"og:type\" content=\"article\" \/>\n<meta property=\"og:title\" content=\"AIRBRUSH gun - Roxils - Eyelash Extensions &amp; Beauty Training\" \/>\n<meta property=\"og:description\" content=\"AIRBRUSH gun%sep%% Discover Roxils, your Belgian brand dedicated to eyelash extension. FREE SHIPPING: BENELUX from 75\u20ac Ex VAT | FRANCE from 100\u20ac\" \/>\n<meta property=\"og:url\" content=\"https:\/\/roxils.com\/en\/boutique\/airbrush-gun\/\" \/>\n<meta property=\"og:site_name\" content=\"Roxils\" \/>\n<meta property=\"article:publisher\" content=\"https:\/\/www.facebook.com\/roxilsprolash\" \/>\n<meta property=\"article:modified_time\" content=\"2025-12-05T10:43:15+00:00\" \/>\n<meta property=\"og:image\" content=\"https:\/\/roxils.com\/wp-content\/uploads\/2024\/03\/airbrush--scaled.jpg\" \/>\n\t<meta property=\"og:image:width\" content=\"2560\" \/>\n\t<meta property=\"og:image:height\" content=\"2560\" \/>\n\t<meta property=\"og:image:type\" content=\"image\/jpeg\" \/>\n<meta name=\"twitter:card\" content=\"summary_large_image\" \/>\n<meta name=\"twitter:label1\" content=\"Est. reading time\" \/>\n\t<meta name=\"twitter:data1\" content=\"2 minutes\" \/>\n<script type=\"application\/ld+json\" class=\"yoast-schema-graph\">{\"@context\":\"https:\\\/\\\/schema.org\",\"@graph\":[{\"@type\":\"WebPage\",\"@id\":\"https:\\\/\\\/roxils.com\\\/en\\\/boutique\\\/airbrush-gun\\\/\",\"url\":\"https:\\\/\\\/roxils.com\\\/en\\\/boutique\\\/airbrush-gun\\\/\",\"name\":\"AIRBRUSH gun - Roxils - Eyelash Extensions & Beauty Training\",\"isPartOf\":{\"@id\":\"https:\\\/\\\/roxils.com\\\/en\\\/#website\"},\"primaryImageOfPage\":{\"@id\":\"https:\\\/\\\/roxils.com\\\/en\\\/boutique\\\/airbrush-gun\\\/#primaryimage\"},\"image\":{\"@id\":\"https:\\\/\\\/roxils.com\\\/en\\\/boutique\\\/airbrush-gun\\\/#primaryimage\"},\"thumbnailUrl\":\"https:\\\/\\\/roxils.com\\\/wp-content\\\/uploads\\\/2024\\\/03\\\/airbrush--scaled.jpg\",\"datePublished\":\"2024-03-18T04:04:22+00:00\",\"dateModified\":\"2025-12-05T10:43:15+00:00\",\"description\":\"AIRBRUSH gun%sep%% Discover Roxils, your Belgian brand dedicated to eyelash extension. FREE SHIPPING: BENELUX from 75\u20ac Ex VAT | FRANCE from 100\u20ac\",\"breadcrumb\":{\"@id\":\"https:\\\/\\\/roxils.com\\\/en\\\/boutique\\\/airbrush-gun\\\/#breadcrumb\"},\"inLanguage\":\"en-US\",\"potentialAction\":[{\"@type\":\"ReadAction\",\"target\":[\"https:\\\/\\\/roxils.com\\\/en\\\/boutique\\\/airbrush-gun\\\/\"]}]},{\"@type\":\"ImageObject\",\"inLanguage\":\"en-US\",\"@id\":\"https:\\\/\\\/roxils.com\\\/en\\\/boutique\\\/airbrush-gun\\\/#primaryimage\",\"url\":\"https:\\\/\\\/roxils.com\\\/wp-content\\\/uploads\\\/2024\\\/03\\\/airbrush--scaled.jpg\",\"contentUrl\":\"https:\\\/\\\/roxils.com\\\/wp-content\\\/uploads\\\/2024\\\/03\\\/airbrush--scaled.jpg\",\"width\":2560,\"height\":2560},{\"@type\":\"BreadcrumbList\",\"@id\":\"https:\\\/\\\/roxils.com\\\/en\\\/boutique\\\/airbrush-gun\\\/#breadcrumb\",\"itemListElement\":[{\"@type\":\"ListItem\",\"position\":1,\"name\":\"Home\",\"item\":\"https:\\\/\\\/roxils.com\\\/en\\\/\"},{\"@type\":\"ListItem\",\"position\":2,\"name\":\"Store\",\"item\":\"https:\\\/\\\/roxils.com\\\/en\\\/store\\\/\"},{\"@type\":\"ListItem\",\"position\":3,\"name\":\"AIRBRUSH gun\"}]},{\"@type\":\"WebSite\",\"@id\":\"https:\\\/\\\/roxils.com\\\/en\\\/#website\",\"url\":\"https:\\\/\\\/roxils.com\\\/en\\\/\",\"name\":\"Roxils\",\"description\":\"A Belgian brand of eyelash extension\",\"publisher\":{\"@id\":\"https:\\\/\\\/roxils.com\\\/en\\\/#organization\"},\"potentialAction\":[{\"@type\":\"SearchAction\",\"target\":{\"@type\":\"EntryPoint\",\"urlTemplate\":\"https:\\\/\\\/roxils.com\\\/en\\\/?s={search_term_string}\"},\"query-input\":{\"@type\":\"PropertyValueSpecification\",\"valueRequired\":true,\"valueName\":\"search_term_string\"}}],\"inLanguage\":\"en-US\"},{\"@type\":\"Organization\",\"@id\":\"https:\\\/\\\/roxils.com\\\/en\\\/#organization\",\"name\":\"Roxils\",\"url\":\"https:\\\/\\\/roxils.com\\\/en\\\/\",\"logo\":{\"@type\":\"ImageObject\",\"inLanguage\":\"en-US\",\"@id\":\"https:\\\/\\\/roxils.com\\\/en\\\/#\\\/schema\\\/logo\\\/image\\\/\",\"url\":\"https:\\\/\\\/roxils.com\\\/wp-content\\\/uploads\\\/2024\\\/01\\\/logo-roxils.png\",\"contentUrl\":\"https:\\\/\\\/roxils.com\\\/wp-content\\\/uploads\\\/2024\\\/01\\\/logo-roxils.png\",\"width\":555,\"height\":555,\"caption\":\"Roxils\"},\"image\":{\"@id\":\"https:\\\/\\\/roxils.com\\\/en\\\/#\\\/schema\\\/logo\\\/image\\\/\"},\"sameAs\":[\"https:\\\/\\\/www.facebook.com\\\/roxilsprolash\",\"https:\\\/\\\/www.instagram.com\\\/roxilspro\\\/\"]}]}<\/script>\n<!-- \/ Yoast SEO plugin. -->","yoast_head_json":{"title":"AIRBRUSH gun - Roxils - Eyelash Extensions & Beauty Training","description":"AIRBRUSH gun%sep%% Discover Roxils, your Belgian brand dedicated to eyelash extension. FREE SHIPPING: BENELUX from 75\u20ac Ex VAT | FRANCE from 100\u20ac","robots":{"index":"index","follow":"follow","max-snippet":"max-snippet:-1","max-image-preview":"max-image-preview:large","max-video-preview":"max-video-preview:-1"},"canonical":"https:\/\/roxils.com\/en\/boutique\/airbrush-gun\/","og_locale":"en_US","og_type":"article","og_title":"AIRBRUSH gun - Roxils - Eyelash Extensions & Beauty Training","og_description":"AIRBRUSH gun%sep%% Discover Roxils, your Belgian brand dedicated to eyelash extension. FREE SHIPPING: BENELUX from 75\u20ac Ex VAT | FRANCE from 100\u20ac","og_url":"https:\/\/roxils.com\/en\/boutique\/airbrush-gun\/","og_site_name":"Roxils","article_publisher":"https:\/\/www.facebook.com\/roxilsprolash","article_modified_time":"2025-12-05T10:43:15+00:00","og_image":[{"width":2560,"height":2560,"url":"https:\/\/roxils.com\/wp-content\/uploads\/2024\/03\/airbrush--scaled.jpg","type":"image\/jpeg"}],"twitter_card":"summary_large_image","twitter_misc":{"Est. reading time":"2 minutes"},"schema":{"@context":"https:\/\/schema.org","@graph":[{"@type":"WebPage","@id":"https:\/\/roxils.com\/en\/boutique\/airbrush-gun\/","url":"https:\/\/roxils.com\/en\/boutique\/airbrush-gun\/","name":"AIRBRUSH gun - Roxils - Eyelash Extensions & Beauty Training","isPartOf":{"@id":"https:\/\/roxils.com\/en\/#website"},"primaryImageOfPage":{"@id":"https:\/\/roxils.com\/en\/boutique\/airbrush-gun\/#primaryimage"},"image":{"@id":"https:\/\/roxils.com\/en\/boutique\/airbrush-gun\/#primaryimage"},"thumbnailUrl":"https:\/\/roxils.com\/wp-content\/uploads\/2024\/03\/airbrush--scaled.jpg","datePublished":"2024-03-18T04:04:22+00:00","dateModified":"2025-12-05T10:43:15+00:00","description":"AIRBRUSH gun%sep%% Discover Roxils, your Belgian brand dedicated to eyelash extension. FREE SHIPPING: BENELUX from 75\u20ac Ex VAT | FRANCE from 100\u20ac","breadcrumb":{"@id":"https:\/\/roxils.com\/en\/boutique\/airbrush-gun\/#breadcrumb"},"inLanguage":"en-US","potentialAction":[{"@type":"ReadAction","target":["https:\/\/roxils.com\/en\/boutique\/airbrush-gun\/"]}]},{"@type":"ImageObject","inLanguage":"en-US","@id":"https:\/\/roxils.com\/en\/boutique\/airbrush-gun\/#primaryimage","url":"https:\/\/roxils.com\/wp-content\/uploads\/2024\/03\/airbrush--scaled.jpg","contentUrl":"https:\/\/roxils.com\/wp-content\/uploads\/2024\/03\/airbrush--scaled.jpg","width":2560,"height":2560},{"@type":"BreadcrumbList","@id":"https:\/\/roxils.com\/en\/boutique\/airbrush-gun\/#breadcrumb","itemListElement":[{"@type":"ListItem","position":1,"name":"Home","item":"https:\/\/roxils.com\/en\/"},{"@type":"ListItem","position":2,"name":"Store","item":"https:\/\/roxils.com\/en\/store\/"},{"@type":"ListItem","position":3,"name":"AIRBRUSH gun"}]},{"@type":"WebSite","@id":"https:\/\/roxils.com\/en\/#website","url":"https:\/\/roxils.com\/en\/","name":"Roxils","description":"A Belgian brand of eyelash extension","publisher":{"@id":"https:\/\/roxils.com\/en\/#organization"},"potentialAction":[{"@type":"SearchAction","target":{"@type":"EntryPoint","urlTemplate":"https:\/\/roxils.com\/en\/?s={search_term_string}"},"query-input":{"@type":"PropertyValueSpecification","valueRequired":true,"valueName":"search_term_string"}}],"inLanguage":"en-US"},{"@type":"Organization","@id":"https:\/\/roxils.com\/en\/#organization","name":"Roxils","url":"https:\/\/roxils.com\/en\/","logo":{"@type":"ImageObject","inLanguage":"en-US","@id":"https:\/\/roxils.com\/en\/#\/schema\/logo\/image\/","url":"https:\/\/roxils.com\/wp-content\/uploads\/2024\/01\/logo-roxils.png","contentUrl":"https:\/\/roxils.com\/wp-content\/uploads\/2024\/01\/logo-roxils.png","width":555,"height":555,"caption":"Roxils"},"image":{"@id":"https:\/\/roxils.com\/en\/#\/schema\/logo\/image\/"},"sameAs":["https:\/\/www.facebook.com\/roxilsprolash","https:\/\/www.instagram.com\/roxilspro\/"]}]}},"_links":{"self":[{"href":"https:\/\/roxils.com\/en\/wp-json\/wp\/v2\/product\/24763","targetHints":{"allow":["GET"]}}],"collection":[{"href":"https:\/\/roxils.com\/en\/wp-json\/wp\/v2\/product"}],"about":[{"href":"https:\/\/roxils.com\/en\/wp-json\/wp\/v2\/types\/product"}],"replies":[{"embeddable":true,"href":"https:\/\/roxils.com\/en\/wp-json\/wp\/v2\/comments?post=24763"}],"wp:featuredmedia":[{"embeddable":true,"href":"https:\/\/roxils.com\/en\/wp-json\/wp\/v2\/media\/21306"}],"wp:attachment":[{"href":"https:\/\/roxils.com\/en\/wp-json\/wp\/v2\/media?parent=24763"}],"wp:term":[{"taxonomy":"product_brand","embeddable":true,"href":"https:\/\/roxils.com\/en\/wp-json\/wp\/v2\/product_brand?post=24763"},{"taxonomy":"product_cat","embeddable":true,"href":"https:\/\/roxils.com\/en\/wp-json\/wp\/v2\/product_cat?post=24763"},{"taxonomy":"product_tag","embeddable":true,"href":"https:\/\/roxils.com\/en\/wp-json\/wp\/v2\/product_tag?post=24763"}],"curies":[{"name":"wp","href":"https:\/\/api.w.org\/{rel}","templated":true}]}}